{"id":132,"date":"2021-03-11T10:25:36","date_gmt":"2021-03-11T09:25:36","guid":{"rendered":"http:\/\/moustacheetmoi.com\/?page_id=132"},"modified":"2021-03-29T16:36:26","modified_gmt":"2021-03-29T14:36:26","slug":"catsitting","status":"publish","type":"page","link":"https:\/\/www.moustacheetmoi.com\/index.php\/catsitting\/","title":{"rendered":"Catsitting"},"content":{"rendered":"<p>[et_pb_section fb_built=\u00a0\u00bb1&Prime; fullwidth=\u00a0\u00bbon\u00a0\u00bb next_background_color=\u00a0\u00bb#ffffff\u00a0\u00bb admin_label=\u00a0\u00bbHeader Section\u00a0\u00bb _builder_version=\u00a0\u00bb3.26.2&Prime; background_color=\u00a0\u00bb#000000&Prime; height=\u00a0\u00bb350px\u00a0\u00bb bottom_divider_style=\u00a0\u00bbramp\u00a0\u00bb bottom_divider_flip=\u00a0\u00bbhorizontal\u00a0\u00bb][et_pb_fullwidth_header title=\u00a0\u00bbMoustache &#038; moi\u00a0\u00bb subhead=\u00a0\u00bbGarde de chat\u00a0\u00bb text_orientation=\u00a0\u00bbcenter\u00a0\u00bb content_max_width=\u00a0\u00bb640px\u00a0\u00bb _builder_version=\u00a0\u00bb3.26.2&Prime; title_font=\u00a0\u00bbOswald|||on|||||\u00a0\u00bb title_font_size=\u00a0\u00bb20px\u00a0\u00bb title_letter_spacing=\u00a0\u00bb3px\u00a0\u00bb title_line_height=\u00a0\u00bb1.5em\u00a0\u00bb content_font=\u00a0\u00bbLora||||||||\u00a0\u00bb content_font_size=\u00a0\u00bb22px\u00a0\u00bb content_line_height=\u00a0\u00bb2em\u00a0\u00bb subhead_font=\u00a0\u00bbRaul 5 Regular||||||||\u00a0\u00bb subhead_font_size=\u00a0\u00bb80px\u00a0\u00bb subhead_line_height=\u00a0\u00bb1.5em\u00a0\u00bb background_color=\u00a0\u00bbrgba(255,255,255,0)\u00a0\u00bb background_image=\u00a0\u00bbhttp:\/\/moustacheetmoi.com\/wp-content\/uploads\/2021\/03\/entete-CATSITTING-1.jpg\u00a0\u00bb parallax=\u00a0\u00bbon\u00a0\u00bb parallax_method=\u00a0\u00bbon\u00a0\u00bb custom_button_one=\u00a0\u00bbon\u00a0\u00bb button_one_text_size=\u00a0\u00bb16px\u00a0\u00bb button_one_text_color=\u00a0\u00bb#ffffff\u00a0\u00bb button_one_bg_color=\u00a0\u00bb#f49e8d\u00a0\u00bb button_one_border_width=\u00a0\u00bb15px\u00a0\u00bb button_one_border_color=\u00a0\u00bbrgba(210,159,104,0)\u00a0\u00bb button_one_border_radius=\u00a0\u00bb100px\u00a0\u00bb button_one_letter_spacing=\u00a0\u00bb3px\u00a0\u00bb button_one_font=\u00a0\u00bbOswald|||on|||||\u00a0\u00bb button_one_use_icon=\u00a0\u00bboff\u00a0\u00bb custom_button_two=\u00a0\u00bbon\u00a0\u00bb button_two_text_size=\u00a0\u00bb16px\u00a0\u00bb button_two_text_color=\u00a0\u00bb#ffffff\u00a0\u00bb button_two_bg_color=\u00a0\u00bbrgba(255,255,255,0.35)\u00a0\u00bb button_two_border_width=\u00a0\u00bb15px\u00a0\u00bb button_two_border_color=\u00a0\u00bbrgba(0,0,0,0)\u00a0\u00bb button_two_border_radius=\u00a0\u00bb100px\u00a0\u00bb button_two_letter_spacing=\u00a0\u00bb3px\u00a0\u00bb button_two_font=\u00a0\u00bbOswald|||on|||||\u00a0\u00bb button_two_use_icon=\u00a0\u00bboff\u00a0\u00bb custom_margin=\u00a0\u00bb|||\u00a0\u00bb custom_padding=\u00a0\u00bb70px||70px||true|\u00a0\u00bb animation_style=\u00a0\u00bbzoom\u00a0\u00bb animation_duration=\u00a0\u00bb2000ms\u00a0\u00bb animation_intensity_zoom=\u00a0\u00bb4%\u00a0\u00bb subhead_font_size_phone=\u00a0\u00bb50px\u00a0\u00bb subhead_font_size_last_edited=\u00a0\u00bbon|desktop\u00a0\u00bb button_one_border_radius_hover=\u00a0\u00bb100px\u00a0\u00bb button_one_bg_color_hover=\u00a0\u00bb#cc8d66&Prime; button_two_bg_color_hover=\u00a0\u00bb#d29f68&Prime; button_one_text_size__hover_enabled=\u00a0\u00bboff\u00a0\u00bb button_two_text_size__hover_enabled=\u00a0\u00bboff\u00a0\u00bb button_one_text_color__hover_enabled=\u00a0\u00bboff\u00a0\u00bb button_two_text_color__hover_enabled=\u00a0\u00bboff\u00a0\u00bb button_one_border_width__hover_enabled=\u00a0\u00bboff\u00a0\u00bb button_two_border_width__hover_enabled=\u00a0\u00bboff\u00a0\u00bb button_one_border_color__hover_enabled=\u00a0\u00bboff\u00a0\u00bb button_two_border_color__hover_enabled=\u00a0\u00bboff\u00a0\u00bb button_one_border_radius__hover_enabled=\u00a0\u00bbon\u00a0\u00bb button_one_border_radius__hover=\u00a0\u00bb100px\u00a0\u00bb button_two_border_radius__hover_enabled=\u00a0\u00bboff\u00a0\u00bb button_one_letter_spacing__hover_enabled=\u00a0\u00bboff\u00a0\u00bb button_two_letter_spacing__hover_enabled=\u00a0\u00bboff\u00a0\u00bb button_one_bg_color__hover_enabled=\u00a0\u00bbon\u00a0\u00bb button_one_bg_color__hover=\u00a0\u00bb#cc8d66&Prime; button_two_bg_color__hover_enabled=\u00a0\u00bbon\u00a0\u00bb button_two_bg_color__hover=\u00a0\u00bb#d29f68&Prime;][\/et_pb_fullwidth_header][\/et_pb_section][et_pb_section fb_built=\u00a0\u00bb1&Prime; admin_label=\u00a0\u00bbListings\u00a0\u00bb _builder_version=\u00a0\u00bb3.26.2&Prime; min_height=\u00a0\u00bb1576.2px\u00a0\u00bb custom_padding=\u00a0\u00bb48px||0||false|false\u00a0\u00bb bottom_divider_style=\u00a0\u00bbramp\u00a0\u00bb bottom_divider_color=\u00a0\u00bb#222222&Prime; animation_style=\u00a0\u00bbfade\u00a0\u00bb animation_delay=\u00a0\u00bb200ms\u00a0\u00bb][et_pb_row column_structure=\u00a0\u00bb1_2,1_2&Prime; admin_label=\u00a0\u00bbAbout Row\u00a0\u00bb _builder_version=\u00a0\u00bb3.25&Prime; locked=\u00a0\u00bboff\u00a0\u00bb][et_pb_column type=\u00a0\u00bb1_2&Prime; _builder_version=\u00a0\u00bb3.25&Prime; custom_padding=\u00a0\u00bb|||\u00a0\u00bb custom_padding__hover=\u00a0\u00bb|||\u00a0\u00bb][et_pb_text _builder_version=\u00a0\u00bb3.26.2&Prime; text_font=\u00a0\u00bbLora||||||||\u00a0\u00bb text_font_size=\u00a0\u00bb18px\u00a0\u00bb text_line_height=\u00a0\u00bb1.8em\u00a0\u00bb link_font=\u00a0\u00bb||||||||\u00a0\u00bb ul_font=\u00a0\u00bb||||||||\u00a0\u00bb ol_font=\u00a0\u00bb||||||||\u00a0\u00bb quote_font=\u00a0\u00bb||||||||\u00a0\u00bb header_font=\u00a0\u00bb||||||||\u00a0\u00bb header_2_font=\u00a0\u00bbLora|700|||||||\u00a0\u00bb header_2_font_size=\u00a0\u00bb50px\u00a0\u00bb header_2_line_height=\u00a0\u00bb1.5em\u00a0\u00bb header_3_font=\u00a0\u00bbLora|700|||||||\u00a0\u00bb header_3_font_size=\u00a0\u00bb30px\u00a0\u00bb header_3_line_height=\u00a0\u00bb1.2em\u00a0\u00bb header_5_font=\u00a0\u00bbOswald|||on|||||\u00a0\u00bb header_5_text_color=\u00a0\u00bbrgba(0,0,0,0.4)\u00a0\u00bb header_5_font_size=\u00a0\u00bb20px\u00a0\u00bb header_5_letter_spacing=\u00a0\u00bb3px\u00a0\u00bb max_width=\u00a0\u00bb600px\u00a0\u00bb max_width_last_edited=\u00a0\u00bbon|phone\u00a0\u00bb custom_margin_tablet=\u00a0\u00bb|70px||70px\u00a0\u00bb custom_margin_phone=\u00a0\u00bb|50px||50px\u00a0\u00bb custom_margin_last_edited=\u00a0\u00bboff|desktop\u00a0\u00bb text_line_height_last_edited=\u00a0\u00bboff|desktop\u00a0\u00bb]<\/p>\n<h5><strong>Catsitting<\/strong><\/h5>\n<h3>Confier son animal \u00e0 un inconnu ce n\u2019est pas toujours facile.<\/h3>\n<h3>Rien de mieux qu\u2019un comportementaliste pour prendre soin de votre matou.<\/h3>\n<p>Lors de vos absences, je vous propose de me rendre \u00e0 votre domicile pour m\u2019occuper de votre chat. Ne vous sentez pas coupable de ne pas l\u2019emmener, votre chat est bien mieux dans son domaine vital avec ses rep\u00e8res et ses habitudes.[\/et_pb_text][et_pb_image src=\u00a0\u00bbhttps:\/\/www.moustacheetmoi.com\/wp-content\/uploads\/2021\/03\/logan2.jpg\u00a0\u00bb _builder_version=\u00a0\u00bb3.26.2&Prime; width=\u00a0\u00bb100%\u00a0\u00bb module_alignment=\u00a0\u00bbleft\u00a0\u00bb][\/et_pb_image][et_pb_text _builder_version=\u00a0\u00bb3.26.2&Prime; text_text_color=\u00a0\u00bb#000000&Prime; text_font_size=\u00a0\u00bb16px\u00a0\u00bb]<\/p>\n<p>Avant toute garde, je viens \u00e0 votre domicile pour les modalit\u00e9s, r\u00e9cup\u00e9rer un trousseau de cl\u00e9 et me pr\u00e9senter \u00e0 votre chat s\u2019il montre le bout de sa truffe.<\/p>\n<p>La visite comprend :<\/p>\n<ul>\n<li>S\u2019assurer que tout va bien pour votre chat<\/li>\n<li>Faire le plein de nourriture (croquettes, p\u00e2t\u00e9)<\/li>\n<li>Renouveler l&rsquo;eau<\/li>\n<li>Retrait des d\u00e9jections de la liti\u00e8re \u00e0 chaque visite.<\/li>\n<li>Jouer et faire pleins de c\u00e2lins si le loulou a envie bien-s\u00fbr<\/li>\n<li>Donner les soins\/m\u00e9dicaments si besoin et sur ordonnance uniquement (hors injection)<\/li>\n<\/ul>\n<p>A titre <strong>gratuit<\/strong>, je prendrai \u00e9galement soin de vos plantes et ramasserai le courrier.<\/p>\n<p>Apr\u00e8s chaque visite, je vous envoie des <strong>nouvelles ainsi que des photos<\/strong>.<\/p>\n<p>Pour la remise des cl\u00e9s \u00e0 votre retour, vous choisissez la formule qui vous convient le mieux\u00a0: bo\u00eete aux lettres, remise en main propre, remise \u00e0 une personne de confiance&#8230;<\/p>\n<p>Les frais v\u00e9t\u00e9rinaires qui pourraient \u00eatre engag\u00e9s pendant le s\u00e9jour du chat devront \u00eatre <strong>rembours\u00e9s par son propri\u00e9taire d\u00e8s son retour<\/strong>.<\/p>\n<p>[\/et_pb_text][\/et_pb_column][et_pb_column type=\u00a0\u00bb1_2&Prime; _builder_version=\u00a0\u00bb3.25&Prime; custom_padding=\u00a0\u00bb|||\u00a0\u00bb custom_padding__hover=\u00a0\u00bb|||\u00a0\u00bb][et_pb_text _builder_version=\u00a0\u00bb3.26.2&Prime; header_font=\u00a0\u00bbOswald||||||||\u00a0\u00bb header_text_color=\u00a0\u00bb#a3a3a3&Prime; custom_margin=\u00a0\u00bb||21px|||\u00a0\u00bb]<\/p>\n<h1>TARIFS<\/h1>\n<p>[\/et_pb_text][et_pb_text _builder_version=\u00a0\u00bb3.26.2&Prime; text_font=\u00a0\u00bbLora||||||||\u00a0\u00bb text_text_color=\u00a0\u00bb#ffffff\u00a0\u00bb text_font_size=\u00a0\u00bb19px\u00a0\u00bb header_3_font=\u00a0\u00bb|700|||||||\u00a0\u00bb header_3_text_color=\u00a0\u00bb#ffffff\u00a0\u00bb header_3_font_size=\u00a0\u00bb32px\u00a0\u00bb header_5_font=\u00a0\u00bbOswald||||||||\u00a0\u00bb header_5_font_size=\u00a0\u00bb22px\u00a0\u00bb background_color=\u00a0\u00bb#f4c0b7&Prime; border_radii=\u00a0\u00bbon|10px|10px|10px|10px\u00a0\u00bb custom_margin=\u00a0\u00bb|||0px|false|false\u00a0\u00bb custom_padding=\u00a0\u00bb25px|25px|25px|25px|true|true\u00a0\u00bb]<\/p>\n<h5>1 OU 2 CHATS ayant besoin de pr\u00e9sence<\/h5>\n<p><span face=\"Arial, sans-serif\" style=\"font-family: Arial, sans-serif;\">Les chats sont rassur\u00e9s par la r\u00e9gularit\u00e9.<br \/> <\/span><span face=\"Arial, sans-serif\" style=\"font-family: Arial, sans-serif;\">Il permet un suivi id\u00e9al en votre absence.<\/span><\/p>\n<p><strong><span face=\"Arial, sans-serif\" style=\"font-family: Arial, sans-serif;\">Fr\u00e9quence :\u00a01 visite par jour<\/span><\/strong><\/p>\n<p><strong><span face=\"Arial, sans-serif\" style=\"font-family: Arial, sans-serif;\"><\/span><\/strong><\/p>\n<h3>30 min. : 18\u20ac<\/h3>\n<h3>45 min. : 22\u20ac<\/h3>\n<p>[\/et_pb_text][et_pb_text _builder_version=\u00a0\u00bb3.26.2&Prime; text_font=\u00a0\u00bbLora||||||||\u00a0\u00bb text_text_color=\u00a0\u00bb#ffffff\u00a0\u00bb text_font_size=\u00a0\u00bb19px\u00a0\u00bb header_3_font=\u00a0\u00bb|700|||||||\u00a0\u00bb header_3_text_color=\u00a0\u00bb#ffffff\u00a0\u00bb header_3_font_size=\u00a0\u00bb32px\u00a0\u00bb header_5_font=\u00a0\u00bbOswald||||||||\u00a0\u00bb header_5_font_size=\u00a0\u00bb22px\u00a0\u00bb background_color=\u00a0\u00bbrgba(12,9,9,0.22)\u00a0\u00bb border_radii=\u00a0\u00bbon|10px|10px|10px|10px\u00a0\u00bb custom_margin=\u00a0\u00bb|||0px|false|false\u00a0\u00bb custom_padding=\u00a0\u00bb25px|25px|25px|25px|true|true\u00a0\u00bb]<\/p>\n<h5>1 OU 2 CHATS ind\u00e9pendants<\/h5>\n<p><span face=\"Arial, sans-serif\" style=\"font-family: Arial, sans-serif;\">Pour les chats qui savent prendre sur eux ou tr\u00e8s peu sociables.<\/span><\/p>\n<p><strong><span face=\"Arial, sans-serif\">Fr\u00e9quence :&nbsp;1 visite tous les 2 jours<\/span><\/strong><\/p>\n<p><strong><span face=\"Arial, sans-serif\"><\/span><\/strong><\/p>\n<h3>45 min. : 22\u20ac<\/h3>\n<p>[\/et_pb_text][et_pb_cta title=\u00a0\u00bbComportement\u00a0\u00bb button_url=\u00a0\u00bb#\u00a0\u00bb button_text=\u00a0\u00bbEn savoir plus\u00a0\u00bb _builder_version=\u00a0\u00bb3.26.2&Prime; header_level=\u00a0\u00bbh3&Prime; header_font=\u00a0\u00bbRaul 5 Regular||||||||\u00a0\u00bb header_font_size=\u00a0\u00bb50px\u00a0\u00bb header_line_height=\u00a0\u00bb1.5em\u00a0\u00bb body_font=\u00a0\u00bbLora||||||||\u00a0\u00bb body_font_size=\u00a0\u00bb18px\u00a0\u00bb body_line_height=\u00a0\u00bb2em\u00a0\u00bb background_color=\u00a0\u00bb#f49e8d\u00a0\u00bb border_radii=\u00a0\u00bbon|8px|8px|8px|8px\u00a0\u00bb custom_button=\u00a0\u00bbon\u00a0\u00bb button_text_size=\u00a0\u00bb16px\u00a0\u00bb button_bg_color=\u00a0\u00bbrgba(0,0,0,0.3)\u00a0\u00bb button_border_width=\u00a0\u00bb15px\u00a0\u00bb button_border_color=\u00a0\u00bbrgba(210,159,104,0)\u00a0\u00bb button_border_radius=\u00a0\u00bb59px\u00a0\u00bb button_letter_spacing=\u00a0\u00bb3px\u00a0\u00bb button_font=\u00a0\u00bbOswald|||on|||||\u00a0\u00bb button_icon=\u00a0\u00bb%%20%%\u00a0\u00bb box_shadow_style=\u00a0\u00bbpreset3&Prime; box_shadow_vertical=\u00a0\u00bb110px\u00a0\u00bb box_shadow_blur=\u00a0\u00bb80px\u00a0\u00bb box_shadow_spread=\u00a0\u00bb-80px\u00a0\u00bb box_shadow_color=\u00a0\u00bbrgba(0,0,0,0.12)\u00a0\u00bb custom_margin=\u00a0\u00bb||||false\u00a0\u00bb custom_padding=\u00a0\u00bb40px|40px|60px|40px|false|true\u00a0\u00bb animation_style=\u00a0\u00bbzoom\u00a0\u00bb animation_delay=\u00a0\u00bb100ms\u00a0\u00bb animation_intensity_zoom=\u00a0\u00bb5%\u00a0\u00bb header_font_size_phone=\u00a0\u00bb36px\u00a0\u00bb header_font_size_last_edited=\u00a0\u00bbon|desktop\u00a0\u00bb button_bg_color_hover=\u00a0\u00bbrgba(0,0,0,0.5)\u00a0\u00bb locked=\u00a0\u00bboff\u00a0\u00bb button_text_size__hover_enabled=\u00a0\u00bboff\u00a0\u00bb button_one_text_size__hover_enabled=\u00a0\u00bboff\u00a0\u00bb button_two_text_size__hover_enabled=\u00a0\u00bboff\u00a0\u00bb button_text_color__hover_enabled=\u00a0\u00bboff\u00a0\u00bb button_one_text_color__hover_enabled=\u00a0\u00bboff\u00a0\u00bb button_two_text_color__hover_enabled=\u00a0\u00bboff\u00a0\u00bb button_border_width__hover_enabled=\u00a0\u00bboff\u00a0\u00bb button_one_border_width__hover_enabled=\u00a0\u00bboff\u00a0\u00bb button_two_border_width__hover_enabled=\u00a0\u00bboff\u00a0\u00bb button_border_color__hover_enabled=\u00a0\u00bboff\u00a0\u00bb button_one_border_color__hover_enabled=\u00a0\u00bboff\u00a0\u00bb button_two_border_color__hover_enabled=\u00a0\u00bboff\u00a0\u00bb button_border_radius__hover_enabled=\u00a0\u00bboff\u00a0\u00bb button_one_border_radius__hover_enabled=\u00a0\u00bboff\u00a0\u00bb button_two_border_radius__hover_enabled=\u00a0\u00bboff\u00a0\u00bb button_letter_spacing__hover_enabled=\u00a0\u00bboff\u00a0\u00bb button_one_letter_spacing__hover_enabled=\u00a0\u00bboff\u00a0\u00bb button_two_letter_spacing__hover_enabled=\u00a0\u00bboff\u00a0\u00bb button_bg_color__hover_enabled=\u00a0\u00bbon\u00a0\u00bb button_bg_color__hover=\u00a0\u00bbrgba(0,0,0,0.5)\u00a0\u00bb button_one_bg_color__hover_enabled=\u00a0\u00bboff\u00a0\u00bb button_two_bg_color__hover_enabled=\u00a0\u00bboff\u00a0\u00bb]Je vous apporte des r\u00e9ponses et des solutions lors de la consultation ![\/et_pb_cta][\/et_pb_column][\/et_pb_row][\/et_pb_section]<\/p>\n","protected":false},"excerpt":{"rendered":"<p>[et_pb_section fb_built=\u00a0\u00bb1&Prime; fullwidth=\u00a0\u00bbon\u00a0\u00bb next_background_color=\u00a0\u00bb#ffffff\u00a0\u00bb admin_label=\u00a0\u00bbHeader Section\u00a0\u00bb _builder_version=\u00a0\u00bb3.26.2&Prime; background_color=\u00a0\u00bb#000000&Prime; height=\u00a0\u00bb350px\u00a0\u00bb bottom_divider_style=\u00a0\u00bbramp\u00a0\u00bb bottom_divider_flip=\u00a0\u00bbhorizontal\u00a0\u00bb][et_pb_fullwidth_header title=\u00a0\u00bbMoustache &#038; moi\u00a0\u00bb subhead=\u00a0\u00bbGarde de chat\u00a0\u00bb text_orientation=\u00a0\u00bbcenter\u00a0\u00bb content_max_width=\u00a0\u00bb640px\u00a0\u00bb _builder_version=\u00a0\u00bb3.26.2&Prime; title_font=\u00a0\u00bbOswald|||on|||||\u00a0\u00bb title_font_size=\u00a0\u00bb20px\u00a0\u00bb title_letter_spacing=\u00a0\u00bb3px\u00a0\u00bb title_line_height=\u00a0\u00bb1.5em\u00a0\u00bb content_font=\u00a0\u00bbLora||||||||\u00a0\u00bb content_font_size=\u00a0\u00bb22px\u00a0\u00bb content_line_height=\u00a0\u00bb2em\u00a0\u00bb subhead_font=\u00a0\u00bbRaul 5 Regular||||||||\u00a0\u00bb subhead_font_size=\u00a0\u00bb80px\u00a0\u00bb subhead_line_height=\u00a0\u00bb1.5em\u00a0\u00bb background_color=\u00a0\u00bbrgba(255,255,255,0)\u00a0\u00bb background_image=\u00a0\u00bbhttp:\/\/moustacheetmoi.com\/wp-content\/uploads\/2021\/03\/entete-CATSITTING-1.jpg\u00a0\u00bb parallax=\u00a0\u00bbon\u00a0\u00bb parallax_method=\u00a0\u00bbon\u00a0\u00bb custom_button_one=\u00a0\u00bbon\u00a0\u00bb button_one_text_size=\u00a0\u00bb16px\u00a0\u00bb button_one_text_color=\u00a0\u00bb#ffffff\u00a0\u00bb button_one_bg_color=\u00a0\u00bb#f49e8d\u00a0\u00bb button_one_border_width=\u00a0\u00bb15px\u00a0\u00bb button_one_border_color=\u00a0\u00bbrgba(210,159,104,0)\u00a0\u00bb button_one_border_radius=\u00a0\u00bb100px\u00a0\u00bb button_one_letter_spacing=\u00a0\u00bb3px\u00a0\u00bb button_one_font=\u00a0\u00bbOswald|||on|||||\u00a0\u00bb button_one_use_icon=\u00a0\u00bboff\u00a0\u00bb custom_button_two=\u00a0\u00bbon\u00a0\u00bb button_two_text_size=\u00a0\u00bb16px\u00a0\u00bb button_two_text_color=\u00a0\u00bb#ffffff\u00a0\u00bb button_two_bg_color=\u00a0\u00bbrgba(255,255,255,0.35)\u00a0\u00bb button_two_border_width=\u00a0\u00bb15px\u00a0\u00bb button_two_border_color=\u00a0\u00bbrgba(0,0,0,0)\u00a0\u00bb button_two_border_radius=\u00a0\u00bb100px\u00a0\u00bb button_two_letter_spacing=\u00a0\u00bb3px\u00a0\u00bb button_two_font=\u00a0\u00bbOswald|||on|||||\u00a0\u00bb [&hellip;]<\/p>\n","protected":false},"author":1,"featured_media":0,"parent":0,"menu_order":0,"comment_status":"closed","ping_status":"closed","template":"","meta":{"_et_pb_use_builder":"on","_et_pb_old_content":""},"yoast_head":"<!-- This site is optimized with the Yoast SEO plugin v16.2 - https:\/\/yoast.com\/wordpress\/plugins\/seo\/ -->\n<title>Catsitting - MOUSTACHE &amp; MOI<\/title>\n<meta name=\"description\" content=\"Confier son animal \u00e0 un inconnu ce n\u2019est pas toujours facile.Rien de mieux qu\u2019un comportementaliste pour prendre soin de votre matou.\" \/>\n<meta name=\"robots\" content=\"index, follow, max-snippet:-1, max-image-preview:large, max-video-preview:-1\" \/>\n<link rel=\"canonical\" href=\"https:\/\/www.moustacheetmoi.com\/index.php\/catsitting\/\" \/>\n<meta property=\"og:locale\" content=\"fr_FR\" \/>\n<meta property=\"og:type\" content=\"article\" \/>\n<meta property=\"og:title\" content=\"Catsitting - MOUSTACHE &amp; MOI\" \/>\n<meta property=\"og:description\" content=\"Confier son animal \u00e0 un inconnu ce n\u2019est pas toujours facile.Rien de mieux qu\u2019un comportementaliste pour prendre soin de votre matou.\" \/>\n<meta property=\"og:url\" content=\"https:\/\/www.moustacheetmoi.com\/index.php\/catsitting\/\" \/>\n<meta property=\"og:site_name\" content=\"MOUSTACHE &amp; MOI\" \/>\n<meta property=\"article:modified_time\" content=\"2021-03-29T14:36:26+00:00\" \/>\n<meta name=\"twitter:card\" content=\"summary_large_image\" \/>\n<meta name=\"twitter:label1\" content=\"Dur\u00e9e de lecture est.\">\n\t<meta name=\"twitter:data1\" content=\"3 minutes\">\n<script type=\"application\/ld+json\" class=\"yoast-schema-graph\">{\"@context\":\"https:\/\/schema.org\",\"@graph\":[{\"@type\":\"Organization\",\"@id\":\"https:\/\/www.moustacheetmoi.com\/#organization\",\"name\":\"MOUSTACHE ET MOI\",\"url\":\"https:\/\/www.moustacheetmoi.com\/\",\"sameAs\":[],\"logo\":{\"@type\":\"ImageObject\",\"@id\":\"https:\/\/www.moustacheetmoi.com\/#logo\",\"inLanguage\":\"fr-FR\",\"url\":\"https:\/\/www.moustacheetmoi.com\/wp-content\/uploads\/2021\/03\/MM_New-logo-DEF.jpg\",\"contentUrl\":\"https:\/\/www.moustacheetmoi.com\/wp-content\/uploads\/2021\/03\/MM_New-logo-DEF.jpg\",\"width\":900,\"height\":900,\"caption\":\"MOUSTACHE ET MOI\"},\"image\":{\"@id\":\"https:\/\/www.moustacheetmoi.com\/#logo\"}},{\"@type\":\"WebSite\",\"@id\":\"https:\/\/www.moustacheetmoi.com\/#website\",\"url\":\"https:\/\/www.moustacheetmoi.com\/\",\"name\":\"MOUSTACHE &amp; MOI\",\"description\":\"Comportementaliste f\\u00e9lin\",\"publisher\":{\"@id\":\"https:\/\/www.moustacheetmoi.com\/#organization\"},\"potentialAction\":[{\"@type\":\"SearchAction\",\"target\":\"https:\/\/www.moustacheetmoi.com\/?s={search_term_string}\",\"query-input\":\"required name=search_term_string\"}],\"inLanguage\":\"fr-FR\"},{\"@type\":\"WebPage\",\"@id\":\"https:\/\/www.moustacheetmoi.com\/index.php\/catsitting\/#webpage\",\"url\":\"https:\/\/www.moustacheetmoi.com\/index.php\/catsitting\/\",\"name\":\"Catsitting - MOUSTACHE &amp; MOI\",\"isPartOf\":{\"@id\":\"https:\/\/www.moustacheetmoi.com\/#website\"},\"datePublished\":\"2021-03-11T09:25:36+00:00\",\"dateModified\":\"2021-03-29T14:36:26+00:00\",\"description\":\"Confier son animal \\u00e0 un inconnu ce n\\u2019est pas toujours facile.Rien de mieux qu\\u2019un comportementaliste pour prendre soin de votre matou.\",\"breadcrumb\":{\"@id\":\"https:\/\/www.moustacheetmoi.com\/index.php\/catsitting\/#breadcrumb\"},\"inLanguage\":\"fr-FR\",\"potentialAction\":[{\"@type\":\"ReadAction\",\"target\":[\"https:\/\/www.moustacheetmoi.com\/index.php\/catsitting\/\"]}]},{\"@type\":\"BreadcrumbList\",\"@id\":\"https:\/\/www.moustacheetmoi.com\/index.php\/catsitting\/#breadcrumb\",\"itemListElement\":[{\"@type\":\"ListItem\",\"position\":1,\"item\":{\"@type\":\"WebPage\",\"@id\":\"https:\/\/www.moustacheetmoi.com\/\",\"url\":\"https:\/\/www.moustacheetmoi.com\/\",\"name\":\"Accueil\"}},{\"@type\":\"ListItem\",\"position\":2,\"item\":{\"@id\":\"https:\/\/www.moustacheetmoi.com\/index.php\/catsitting\/#webpage\"}}]}]}<\/script>\n<!-- \/ Yoast SEO plugin. -->","_links":{"self":[{"href":"https:\/\/www.moustacheetmoi.com\/index.php\/wp-json\/wp\/v2\/pages\/132"}],"collection":[{"href":"https:\/\/www.moustacheetmoi.com\/index.php\/wp-json\/wp\/v2\/pages"}],"about":[{"href":"https:\/\/www.moustacheetmoi.com\/index.php\/wp-json\/wp\/v2\/types\/page"}],"author":[{"embeddable":true,"href":"https:\/\/www.moustacheetmoi.com\/index.php\/wp-json\/wp\/v2\/users\/1"}],"replies":[{"embeddable":true,"href":"https:\/\/www.moustacheetmoi.com\/index.php\/wp-json\/wp\/v2\/comments?post=132"}],"version-history":[{"count":0,"href":"https:\/\/www.moustacheetmoi.com\/index.php\/wp-json\/wp\/v2\/pages\/132\/revisions"}],"wp:attachment":[{"href":"https:\/\/www.moustacheetmoi.com\/index.php\/wp-json\/wp\/v2\/media?parent=132"}],"curies":[{"name":"wp","href":"https:\/\/api.w.org\/{rel}","templated":true}]}}